{"id":2,"date":"2022-10-14T19:41:13","date_gmt":"2022-10-14T19:41:13","guid":{"rendered":"http:\/\/dietetyknaobcasach.pl\/?page_id=2"},"modified":"2026-04-27T09:29:54","modified_gmt":"2026-04-27T09:29:54","slug":"sample-page","status":"publish","type":"page","link":"https:\/\/dietetyknaobcasach.pl\/index.php\/sample-page\/","title":{"rendered":"O mnie"},"content":{"rendered":"\n<p class=\"has-text-align-center has-medium-font-size\"><strong>Pomagam kobietom z insulinooporno\u015bci\u0105 i Hashimoto schudn\u0105\u0107 bez diety i efektu jojo<\/strong>.<\/p>\n\n\n\n<div class=\"wp-block-columns is-style-twentytwentyone-columns-overlap is-layout-flex wp-container-core-columns-is-layout-9d6595d7 wp-block-columns-is-layout-flex\">\n<div class=\"wp-block-column is-layout-flow wp-block-column-is-layout-flow\">\n<div class=\"wp-block-group\"><div class=\"wp-block-group__inner-container is-layout-constrained wp-block-group-is-layout-constrained\">\n<div class=\"wp-block-group\"><div class=\"wp-block-group__inner-container is-layout-constrained wp-block-group-is-layout-constrained\"><div class=\"wp-block-image is-resized\">\n<figure class=\"aligncenter size-large\"><img loading=\"lazy\" decoding=\"async\" width=\"683\" height=\"1024\" src=\"https:\/\/dietetyknaobcasach.pl\/wp-content\/uploads\/2022\/11\/sesja-7-1-683x1024.jpg\" alt=\"\" class=\"wp-image-283\" style=\"aspect-ratio:0.6670026626093571;width:400px;height:auto\" srcset=\"https:\/\/dietetyknaobcasach.pl\/wp-content\/uploads\/2022\/11\/sesja-7-1-683x1024.jpg 683w, https:\/\/dietetyknaobcasach.pl\/wp-content\/uploads\/2022\/11\/sesja-7-1-200x300.jpg 200w, https:\/\/dietetyknaobcasach.pl\/wp-content\/uploads\/2022\/11\/sesja-7-1-768x1152.jpg 768w, https:\/\/dietetyknaobcasach.pl\/wp-content\/uploads\/2022\/11\/sesja-7-1-1024x1536.jpg 1024w, https:\/\/dietetyknaobcasach.pl\/wp-content\/uploads\/2022\/11\/sesja-7-1-1365x2048.jpg 1365w, https:\/\/dietetyknaobcasach.pl\/wp-content\/uploads\/2022\/11\/sesja-7-1-1568x2352.jpg 1568w, https:\/\/dietetyknaobcasach.pl\/wp-content\/uploads\/2022\/11\/sesja-7-1-16x24.jpg 16w, https:\/\/dietetyknaobcasach.pl\/wp-content\/uploads\/2022\/11\/sesja-7-1-24x36.jpg 24w, https:\/\/dietetyknaobcasach.pl\/wp-content\/uploads\/2022\/11\/sesja-7-1-32x48.jpg 32w, https:\/\/dietetyknaobcasach.pl\/wp-content\/uploads\/2022\/11\/sesja-7-1-scaled.jpg 1707w\" sizes=\"auto, (max-width: 683px) 100vw, 683px\" \/><\/figure>\n<\/div><\/div><\/div>\n<\/div><\/div>\n<\/div>\n\n\n\n<div class=\"wp-block-column is-layout-flow wp-block-column-is-layout-flow\">\n<p><\/p>\n\n\n\n<p>Nazywam si\u0119 Anita i jestem dietetykiem klinicznym oraz psychodietetykiem.<\/p>\n\n\n\n<p>Specjalizuj\u0119 si\u0119 w pracy z kobietami z insulinooporno\u015bci\u0105, Hashimoto i problemami hormonalnymi.<\/p>\n\n\n\n<p>Pomagam schudn\u0105\u0107 bez restrykcyjnych diet, liczenia kalorii i efektu jojo.<\/p>\n\n\n\n<p><strong>Pomog\u0119 Ci, je\u015bli:<\/strong><\/p>\n\n\n\n<p>\u2714 masz insulinooporno\u015b\u0107 lub Hashimoto<br>\u2714 pr\u00f3bowa\u0142a\u015b diet i nic nie dzia\u0142a<br>\u2714 masz napady g\u0142odu lub problem ze s\u0142odyczami<br>\u2714 chcesz schudn\u0105\u0107 bez liczenia kalorii<br>\u2714 czujesz chaos w od\u017cywianiu<\/p>\n<\/div>\n<\/div>\n\n\n\n<hr class=\"wp-block-separator has-alpha-channel-opacity\"\/>\n\n\n\n<div class=\"wp-block-columns is-layout-flex wp-container-core-columns-is-layout-9d6595d7 wp-block-columns-is-layout-flex\">\n<div class=\"wp-block-column is-layout-flow wp-block-column-is-layout-flow\">\n<p><\/p>\n\n\n\n<p>Przez lata sama szuka\u0142am sposobu na zdrowe od\u017cywianie bez restrykcji.<\/p>\n\n\n\n<p>Zrozumia\u0142am, \u017ce problem nie le\u017cy w silnej woli, ale w podej\u015bciu.<\/p>\n\n\n\n<p>Dzi\u015b pomagam kobietom unikn\u0105\u0107 tych samych b\u0142\u0119d\u00f3w i osi\u0105gn\u0105\u0107 trwa\u0142e efekty.<\/p>\n\n\n\n<p><strong>Dlaczego mo\u017cesz mi zaufa\u0107?<\/strong><\/p>\n\n\n\n<p>\u2714 dietetyk kliniczny<br>\u2714 psychodietetyk<br>\u2714 specjalista przyjazny insulinoopornym<br>\u2714 sta\u0142e szkolenia i rozw\u00f3j<\/p>\n\n\n\n<p>Pracuj\u0119 w oparciu o wiedz\u0119 medyczn\u0105, do\u015bwiadczenie i indywidualne podej\u015bcie do ka\u017cdej kobiety.<\/p>\n<\/div>\n\n\n\n<div class=\"wp-block-column is-layout-flow wp-block-column-is-layout-flow\"><div class=\"wp-block-image is-resized\">\n<figure class=\"aligncenter size-large\"><img loading=\"lazy\" decoding=\"async\" width=\"683\" height=\"1024\" src=\"https:\/\/dietetyknaobcasach.pl\/wp-content\/uploads\/2022\/11\/sesja-5-1-683x1024.jpg\" alt=\"\" class=\"wp-image-285\" style=\"aspect-ratio:0.6669952919399622;width:402px;height:auto\" srcset=\"https:\/\/dietetyknaobcasach.pl\/wp-content\/uploads\/2022\/11\/sesja-5-1-683x1024.jpg 683w, https:\/\/dietetyknaobcasach.pl\/wp-content\/uploads\/2022\/11\/sesja-5-1-200x300.jpg 200w, https:\/\/dietetyknaobcasach.pl\/wp-content\/uploads\/2022\/11\/sesja-5-1-768x1152.jpg 768w, https:\/\/dietetyknaobcasach.pl\/wp-content\/uploads\/2022\/11\/sesja-5-1-1024x1536.jpg 1024w, https:\/\/dietetyknaobcasach.pl\/wp-content\/uploads\/2022\/11\/sesja-5-1-1365x2048.jpg 1365w, https:\/\/dietetyknaobcasach.pl\/wp-content\/uploads\/2022\/11\/sesja-5-1-1568x2352.jpg 1568w, https:\/\/dietetyknaobcasach.pl\/wp-content\/uploads\/2022\/11\/sesja-5-1-16x24.jpg 16w, https:\/\/dietetyknaobcasach.pl\/wp-content\/uploads\/2022\/11\/sesja-5-1-24x36.jpg 24w, https:\/\/dietetyknaobcasach.pl\/wp-content\/uploads\/2022\/11\/sesja-5-1-32x48.jpg 32w, https:\/\/dietetyknaobcasach.pl\/wp-content\/uploads\/2022\/11\/sesja-5-1-scaled.jpg 1707w\" sizes=\"auto, (max-width: 683px) 100vw, 683px\" \/><\/figure>\n<\/div><\/div>\n<\/div>\n\n\n\n<hr class=\"wp-block-separator has-alpha-channel-opacity\"\/>\n\n\n\n<p class=\"has-text-align-center has-medium-font-size\"><strong>Je\u015bli masz do\u015b\u0107 diet, kt\u00f3re nie dzia\u0142aj\u0105 \u2014 czas zmieni\u0107 podej\u015bcie.<\/strong><\/p>\n\n\n\n<div class=\"wp-block-buttons is-content-justification-center is-layout-flex wp-container-core-buttons-is-layout-16018d1d wp-block-buttons-is-layout-flex\">\n<div class=\"wp-block-button\"><a class=\"wp-block-button__link wp-element-button\" href=\"https:\/\/dietetyknaobcasach.pl\/index.php\/umow-wizyte-3\/\">Um\u00f3w konsultacj\u0119<\/a><\/div>\n<\/div>\n\n\n\n<p class=\"has-text-align-center has-medium-font-size\"><strong>Odpowiadam w ci\u0105gu 24h.<\/strong><\/p>\n","protected":false},"excerpt":{"rendered":"<p>Pomagam kobietom z insulinooporno\u015bci\u0105 i Hashimoto schudn\u0105\u0107 bez diety i efektu jojo. Nazywam si\u0119 Anita i jestem dietetykiem klinicznym oraz psychodietetykiem. Specjalizuj\u0119 si\u0119 w pracy z kobietami z insulinooporno\u015bci\u0105, Hashimoto i problemami hormonalnymi. Pomagam schudn\u0105\u0107 bez restrykcyjnych diet, liczenia kalorii i efektu jojo. Pomog\u0119 Ci, je\u015bli: \u2714 masz insulinooporno\u015b\u0107 lub Hashimoto\u2714 pr\u00f3bowa\u0142a\u015b diet i nic&hellip;&nbsp;<\/p>\n","protected":false},"author":1,"featured_media":0,"parent":0,"menu_order":0,"comment_status":"closed","ping_status":"open","template":"","meta":{"neve_meta_sidebar":"","neve_meta_container":"","neve_meta_enable_content_width":"","neve_meta_content_width":0,"neve_meta_title_alignment":"","neve_meta_author_avatar":"","neve_post_elements_order":"","neve_meta_disable_header":"","neve_meta_disable_footer":"","neve_meta_disable_title":"on","_themeisle_gutenberg_block_has_review":false,"footnotes":""},"class_list":["post-2","page","type-page","status-publish","hentry"],"_links":{"self":[{"href":"https:\/\/dietetyknaobcasach.pl\/index.php\/wp-json\/wp\/v2\/pages\/2","targetHints":{"allow":["GET"]}}],"collection":[{"href":"https:\/\/dietetyknaobcasach.pl\/index.php\/wp-json\/wp\/v2\/pages"}],"about":[{"href":"https:\/\/dietetyknaobcasach.pl\/index.php\/wp-json\/wp\/v2\/types\/page"}],"author":[{"embeddable":true,"href":"https:\/\/dietetyknaobcasach.pl\/index.php\/wp-json\/wp\/v2\/users\/1"}],"replies":[{"embeddable":true,"href":"https:\/\/dietetyknaobcasach.pl\/index.php\/wp-json\/wp\/v2\/comments?post=2"}],"version-history":[{"count":39,"href":"https:\/\/dietetyknaobcasach.pl\/index.php\/wp-json\/wp\/v2\/pages\/2\/revisions"}],"predecessor-version":[{"id":668,"href":"https:\/\/dietetyknaobcasach.pl\/index.php\/wp-json\/wp\/v2\/pages\/2\/revisions\/668"}],"wp:attachment":[{"href":"https:\/\/dietetyknaobcasach.pl\/index.php\/wp-json\/wp\/v2\/media?parent=2"}],"curies":[{"name":"wp","href":"https:\/\/api.w.org\/{rel}","templated":true}]}}