{"id":28,"date":"2022-10-14T19:55:01","date_gmt":"2022-10-14T19:55:01","guid":{"rendered":"https:\/\/dietetyknaobcasach.pl\/?page_id=28"},"modified":"2026-04-24T14:31:59","modified_gmt":"2026-04-24T14:31:59","slug":"cennik","status":"publish","type":"page","link":"https:\/\/dietetyknaobcasach.pl\/index.php\/cennik\/","title":{"rendered":"Oferta"},"content":{"rendered":"\n<p class=\"has-text-align-center has-large-font-size\"><strong>Zacznij wsp\u00f3\u0142prac\u0119 i schudnij bez diety i efektu jojo<\/strong><\/p>\n\n\n\n<div class=\"wp-block-columns alignwide is-layout-flex wp-container-core-columns-is-layout-9d6595d7 wp-block-columns-is-layout-flex\">\n<div class=\"wp-block-column has-text-color has-background has-link-color wp-elements-d55513c492f5675c9c236a1b94ca445c is-layout-flow wp-block-column-is-layout-flow\" style=\"color:#000000;background-color:#c0ebf1;padding-top:2em;padding-right:2em;padding-bottom:2em;padding-left:2em\">\n<h2 class=\"wp-block-heading has-text-align-center\" id=\"family\" style=\"font-size:40px\"><strong><strong><u>Konsultacja dietetyczna<\/u><\/strong><\/strong><\/h2>\n\n\n\n<p class=\"has-text-align-center has-medium-font-size\"><strong>179 PLN<\/strong><\/p>\n\n\n\n<hr class=\"wp-block-separator has-css-opacity is-style-wide\"\/>\n\n\n\n<p>\u2714 60 min konsultacji<br>\u2714 analiza problem\u00f3w i wynik\u00f3w bada\u0144<br>\u2714 indywidualne zalecenia<br>\u2714 plan dzia\u0142ania na start<\/p>\n\n\n\n<p class=\"has-text-color has-link-color wp-elements-aeab23f249fd352210cffcffc05bd56d\" style=\"color:#c0ebf1\">p<\/p>\n\n\n\n<div class=\"wp-block-buttons is-content-justification-center is-layout-flex wp-container-core-buttons-is-layout-16018d1d wp-block-buttons-is-layout-flex\">\n<div class=\"wp-block-button is-style-default\"><a class=\"wp-block-button__link has-text-align-left wp-element-button\" href=\"https:\/\/dietetyknaobcasach.pl\/index.php\/umow-wizyte-3\/\">Um\u00f3w konsultacj\u0119<\/a><\/div>\n<\/div>\n<\/div>\n\n\n\n<div class=\"wp-block-column has-text-color has-background has-link-color wp-elements-cf576aa456930bb76449f64eb32f4fae is-layout-flow wp-block-column-is-layout-flow\" style=\"color:#000000;background-color:#d1d1e1;padding-top:2em;padding-right:2em;padding-bottom:2em;padding-left:2em\">\n<h2 class=\"wp-block-heading has-text-align-center\" id=\"single\" style=\"font-size:40px\"><strong><strong><u><strong><strong><u>Wsp\u00f3\u0142praca miesi\u0119czna<\/u><\/strong><\/strong><\/u><\/strong><\/strong><\/h2>\n\n\n\n<p class=\"has-text-align-center has-medium-font-size\"><strong>479 PLN<\/strong><\/p>\n\n\n\n<hr class=\"wp-block-separator has-text-color has-css-opacity has-background is-style-wide\" style=\"background-color:#000000;color:#000000\"\/>\n\n\n\n<div class=\"wp-block-columns is-layout-flex wp-container-core-columns-is-layout-9d6595d7 wp-block-columns-is-layout-flex\">\n<div class=\"wp-block-column is-layout-flow wp-block-column-is-layout-flow\" style=\"flex-basis:66.66%\">\n<p>\u2714 indywidualny plan dopasowany do hormon\u00f3w<br>\u2714 4 konsultacje kontrolne<br>\u2714 sta\u0142y kontakt i wsparcie<br>\u2714 nauka jedzenia bez diety<\/p>\n<\/div>\n\n\n\n<div class=\"wp-block-column is-layout-flow wp-block-column-is-layout-flow\" style=\"flex-basis:33.33%\">\n<figure class=\"wp-block-image size-large\"><img loading=\"lazy\" decoding=\"async\" width=\"1024\" height=\"683\" src=\"https:\/\/dietetyknaobcasach.pl\/wp-content\/uploads\/2026\/04\/ChatGPT-Image-24-kwi-2026-15_06_18-1024x683.png\" alt=\"\" class=\"wp-image-546\" style=\"aspect-ratio:1.4994593133279264\" srcset=\"https:\/\/dietetyknaobcasach.pl\/wp-content\/uploads\/2026\/04\/ChatGPT-Image-24-kwi-2026-15_06_18-1024x683.png 1024w, https:\/\/dietetyknaobcasach.pl\/wp-content\/uploads\/2026\/04\/ChatGPT-Image-24-kwi-2026-15_06_18-300x200.png 300w, https:\/\/dietetyknaobcasach.pl\/wp-content\/uploads\/2026\/04\/ChatGPT-Image-24-kwi-2026-15_06_18-768x512.png 768w, https:\/\/dietetyknaobcasach.pl\/wp-content\/uploads\/2026\/04\/ChatGPT-Image-24-kwi-2026-15_06_18-930x620.png 930w, https:\/\/dietetyknaobcasach.pl\/wp-content\/uploads\/2026\/04\/ChatGPT-Image-24-kwi-2026-15_06_18-24x16.png 24w, https:\/\/dietetyknaobcasach.pl\/wp-content\/uploads\/2026\/04\/ChatGPT-Image-24-kwi-2026-15_06_18-36x24.png 36w, https:\/\/dietetyknaobcasach.pl\/wp-content\/uploads\/2026\/04\/ChatGPT-Image-24-kwi-2026-15_06_18-48x32.png 48w, https:\/\/dietetyknaobcasach.pl\/wp-content\/uploads\/2026\/04\/ChatGPT-Image-24-kwi-2026-15_06_18.png 1536w\" sizes=\"auto, (max-width: 1024px) 100vw, 1024px\" \/><\/figure>\n<\/div>\n<\/div>\n\n\n\n<div class=\"wp-block-buttons is-content-justification-center is-layout-flex wp-container-core-buttons-is-layout-16018d1d wp-block-buttons-is-layout-flex\">\n<div class=\"wp-block-button is-style-default\"><a class=\"wp-block-button__link has-text-align-left wp-element-button\" href=\"https:\/\/dietetyknaobcasach.pl\/index.php\/umow-wizyte-3\/\">Um\u00f3w konsultacj\u0119<\/a><\/div>\n<\/div>\n<\/div>\n\n\n\n<div class=\"wp-block-column has-text-color has-background has-link-color wp-elements-2a21e785865d84fac5f890f2c26086e4 is-layout-flow wp-block-column-is-layout-flow\" style=\"color:#000000;background-color:#f1c31d91;padding-top:2em;padding-right:2em;padding-bottom:2em;padding-left:2em\">\n<h2 class=\"wp-block-heading has-text-align-center\" id=\"single\" style=\"font-size:40px\"><strong><strong><u><strong>Wsp\u00f3\u0142praca 3-miesi\u0119czna <\/strong><\/u><\/strong><\/strong><\/h2>\n\n\n\n<p class=\"has-text-align-center has-medium-font-size\"><strong>1079 PLN<\/strong><\/p>\n\n\n\n<hr class=\"wp-block-separator has-text-color has-css-opacity has-background is-style-wide\" style=\"background-color:#000000;color:#000000\"\/>\n\n\n\n<div class=\"wp-block-columns is-layout-flex wp-container-core-columns-is-layout-9d6595d7 wp-block-columns-is-layout-flex\">\n<div class=\"wp-block-column is-layout-flow wp-block-column-is-layout-flow\" style=\"flex-basis:66.66%\">\n<p>\u2714 pe\u0142na transformacja nawyk\u00f3w<br>\u2714 7 konsultacji<br>\u2714 sta\u0142y kontakt<br>\u2714 wsparcie krok po kroku<\/p>\n<\/div>\n\n\n\n<div class=\"wp-block-column is-layout-flow wp-block-column-is-layout-flow\" style=\"flex-basis:33.33%\">\n<figure class=\"wp-block-image size-large\"><img loading=\"lazy\" decoding=\"async\" width=\"1024\" height=\"683\" src=\"https:\/\/dietetyknaobcasach.pl\/wp-content\/uploads\/2026\/04\/ChatGPT-Image-24-kwi-2026-15_06_08-1024x683.png\" alt=\"\" class=\"wp-image-552\" style=\"aspect-ratio:1.4994593133279264\" srcset=\"https:\/\/dietetyknaobcasach.pl\/wp-content\/uploads\/2026\/04\/ChatGPT-Image-24-kwi-2026-15_06_08-1024x683.png 1024w, https:\/\/dietetyknaobcasach.pl\/wp-content\/uploads\/2026\/04\/ChatGPT-Image-24-kwi-2026-15_06_08-300x200.png 300w, https:\/\/dietetyknaobcasach.pl\/wp-content\/uploads\/2026\/04\/ChatGPT-Image-24-kwi-2026-15_06_08-768x512.png 768w, https:\/\/dietetyknaobcasach.pl\/wp-content\/uploads\/2026\/04\/ChatGPT-Image-24-kwi-2026-15_06_08-930x620.png 930w, https:\/\/dietetyknaobcasach.pl\/wp-content\/uploads\/2026\/04\/ChatGPT-Image-24-kwi-2026-15_06_08-24x16.png 24w, https:\/\/dietetyknaobcasach.pl\/wp-content\/uploads\/2026\/04\/ChatGPT-Image-24-kwi-2026-15_06_08-36x24.png 36w, https:\/\/dietetyknaobcasach.pl\/wp-content\/uploads\/2026\/04\/ChatGPT-Image-24-kwi-2026-15_06_08-48x32.png 48w, https:\/\/dietetyknaobcasach.pl\/wp-content\/uploads\/2026\/04\/ChatGPT-Image-24-kwi-2026-15_06_08.png 1536w\" sizes=\"auto, (max-width: 1024px) 100vw, 1024px\" \/><\/figure>\n<\/div>\n<\/div>\n\n\n\n<div class=\"wp-block-buttons is-content-justification-center is-layout-flex wp-container-core-buttons-is-layout-16018d1d wp-block-buttons-is-layout-flex\">\n<div class=\"wp-block-button is-style-default\"><a class=\"wp-block-button__link has-text-align-left wp-element-button\" href=\"https:\/\/dietetyknaobcasach.pl\/index.php\/umow-wizyte-3\/\">Um\u00f3w konsultacj\u0119<\/a><\/div>\n<\/div>\n<\/div>\n<\/div>\n\n\n\n<div class=\"wp-block-media-text is-stacked-on-mobile is-vertically-aligned-center has-background\" style=\"background-color:#fffdea;grid-template-columns:38% auto\"><figure class=\"wp-block-media-text__media\"><img decoding=\"async\" src=\"https:\/\/s.w.org\/patterns\/files\/2021\/06\/pear-half-1024x1024.png\" alt=\"\" class=\"wp-image-673 size-full\"\/><\/figure><div class=\"wp-block-media-text__content\">\n<div class=\"wp-block-group\" style=\"padding-top:2em;padding-right:2em;padding-bottom:2em;padding-left:2em\"><div class=\"wp-block-group__inner-container is-layout-flow wp-block-group-is-layout-flow\">\n<p class=\"has-text-align-left\" style=\"font-size:28px\"><strong><strong><u><strong><strong><u>SESJA PSYCHODIETETYCZNA<\/u><\/strong><\/strong><\/u><\/strong><\/strong><\/p>\n\n\n\n<p class=\"has-text-align-left has-medium-font-size\"><strong>249 PLN<\/strong><\/p>\n\n\n\n<p>\u2714 praca z napadami jedzenia<br>\u2714 jedzenie pod wp\u0142ywem emocji<br>\u2714 budowanie nawyk\u00f3w<br>\u2714 praca nad relacj\u0105 z jedzeniem<\/p>\n\n\n\n<p>\ud83d\udc49 Idealne je\u015bli problem jest \u201ew g\u0142owie\u201d, nie tylko w diecie<\/p>\n\n\n\n<div class=\"wp-block-buttons is-content-justification-left is-layout-flex wp-container-core-buttons-is-layout-fdcfc74e wp-block-buttons-is-layout-flex\">\n<div class=\"wp-block-button is-style-default\"><a class=\"wp-block-button__link has-text-align-left wp-element-button\" href=\"https:\/\/dietetyknaobcasach.pl\/index.php\/umow-wizyte-3\/\">Um\u00f3w konsultacj\u0119<\/a><\/div>\n<\/div>\n<\/div><\/div>\n<\/div><\/div>\n\n\n\n<p class=\"has-text-align-center has-large-font-size\">Nie wiesz co wybra\u0107?<\/p>\n\n\n\n<p class=\"has-text-align-center has-medium-font-size\">\ud83d\udc49 Je\u015bli chcesz sprawdzi\u0107 czy to dla Ciebie \u2192 wybierz konsultacj\u0119<\/p>\n\n\n\n<p class=\"has-text-align-center has-medium-font-size\">\ud83d\udc49 Je\u015bli chcesz schudn\u0105\u0107 i mie\u0107 wsparcie \u2192 wybierz wsp\u00f3\u0142prac\u0119 miesi\u0119czn\u0105<\/p>\n\n\n\n<p class=\"has-text-align-center has-medium-font-size\">\ud83d\udc49 Je\u015bli chcesz trwa\u0142ej zmiany \u2192 wybierz pakiet 3 miesi\u0105ce<\/p>\n\n\n\n<div class=\"wp-block-buttons is-content-justification-center is-layout-flex wp-container-core-buttons-is-layout-16018d1d wp-block-buttons-is-layout-flex\">\n<div class=\"wp-block-button is-style-default\"><a class=\"wp-block-button__link has-text-align-left wp-element-button\" href=\"https:\/\/dietetyknaobcasach.pl\/index.php\/umow-wizyte-3\/\">Zacznij wsp\u00f3\u0142prac\u0119<\/a><\/div>\n<\/div>\n","protected":false},"excerpt":{"rendered":"<p>Zacznij wsp\u00f3\u0142prac\u0119 i schudnij bez diety i efektu jojo Konsultacja dietetyczna 179 PLN \u2714 60 min konsultacji\u2714 analiza problem\u00f3w i wynik\u00f3w bada\u0144\u2714 indywidualne zalecenia\u2714 plan dzia\u0142ania na start p Wsp\u00f3\u0142praca miesi\u0119czna 479 PLN \u2714 indywidualny plan dopasowany do hormon\u00f3w\u2714 4 konsultacje kontrolne\u2714 sta\u0142y kontakt i wsparcie\u2714 nauka jedzenia bez diety Wsp\u00f3\u0142praca 3-miesi\u0119czna 1079 PLN \u2714&hellip;&nbsp;<\/p>\n","protected":false},"author":1,"featured_media":0,"parent":0,"menu_order":0,"comment_status":"closed","ping_status":"closed","template":"","meta":{"neve_meta_sidebar":"","neve_meta_container":"","neve_meta_enable_content_width":"","neve_meta_content_width":0,"neve_meta_title_alignment":"","neve_meta_author_avatar":"","neve_post_elements_order":"","neve_meta_disable_header":"","neve_meta_disable_footer":"","neve_meta_disable_title":"on","_themeisle_gutenberg_block_has_review":false,"footnotes":""},"class_list":["post-28","page","type-page","status-publish","hentry"],"_links":{"self":[{"href":"https:\/\/dietetyknaobcasach.pl\/index.php\/wp-json\/wp\/v2\/pages\/28","targetHints":{"allow":["GET"]}}],"collection":[{"href":"https:\/\/dietetyknaobcasach.pl\/index.php\/wp-json\/wp\/v2\/pages"}],"about":[{"href":"https:\/\/dietetyknaobcasach.pl\/index.php\/wp-json\/wp\/v2\/types\/page"}],"author":[{"embeddable":true,"href":"https:\/\/dietetyknaobcasach.pl\/index.php\/wp-json\/wp\/v2\/users\/1"}],"replies":[{"embeddable":true,"href":"https:\/\/dietetyknaobcasach.pl\/index.php\/wp-json\/wp\/v2\/comments?post=28"}],"version-history":[{"count":80,"href":"https:\/\/dietetyknaobcasach.pl\/index.php\/wp-json\/wp\/v2\/pages\/28\/revisions"}],"predecessor-version":[{"id":592,"href":"https:\/\/dietetyknaobcasach.pl\/index.php\/wp-json\/wp\/v2\/pages\/28\/revisions\/592"}],"wp:attachment":[{"href":"https:\/\/dietetyknaobcasach.pl\/index.php\/wp-json\/wp\/v2\/media?parent=28"}],"curies":[{"name":"wp","href":"https:\/\/api.w.org\/{rel}","templated":true}]}}